{"id":3,"date":"2022-10-15T10:37:39","date_gmt":"2022-10-15T10:37:39","guid":{"rendered":"https:\/\/parkering.soholtparken.dk\/?page_id=3"},"modified":"2022-11-12T11:03:17","modified_gmt":"2022-11-12T10:03:17","slug":"privacy-policy","status":"publish","type":"page","link":"https:\/\/parkering.soholtparken.dk\/index.php\/privacy-policy\/","title":{"rendered":"Privatlivspolitik"},"content":{"rendered":"\n<p>Vi indsamler information om dig gennem bestillingsprocessen p\u00e5 vores webshop.<\/p>\n\n\n\n<h2 class=\"wp-block-heading\">Informationer som vi samler og gemmer<\/h2>\n\n\n\n<p>N\u00e5r du bes\u00f8ger vores webshop, vil vi spore:<\/p>\n\n\n\n<ul class=\"wp-block-list\">\n<li>Varer som du har set.<\/li>\n\n\n\n<li>Lokation, IP-adresse og browsertype.<\/li>\n\n\n\n<li>Leveringsadresse.<\/li>\n<\/ul>\n\n\n\n<p>Vi bruger ogs\u00e5 cookies til at holde styr p\u00e5 indholdet i kurven, mens du bruger vores webshop.<\/p>\n\n\n\n<p>N\u00e5r du k\u00f8ber varer af os, vil vi bede dig om at give os information, der omfatter dit navn, faktureringsadresse, leveringsadresse, e-mailadresse, telefonnummer, betalingsinformationer og valgfri kontoinformation som brugernavn og adgangskode. Vi vil bruge denne information til form\u00e5l s\u00e5som til:<\/p>\n\n\n\n<ul class=\"wp-block-list\">\n<li>Sender dig information om din konto og ordre<\/li>\n\n\n\n<li>Svar p\u00e5 dine henvendelser og foresp\u00f8rgsler, herunder refunderinger og klager<\/li>\n\n\n\n<li>Behandle betalinger og forhindre svig<\/li>\n\n\n\n<li>Ops\u00e6t din konto til vores webshop<\/li>\n\n\n\n<li>Overholder alle juridiske forpligtelser, som vi har.<\/li>\n<\/ul>\n\n\n\n<p>Hvis du opretter en konto, vil vi gemme dit navn, adresse, e-mailadresse og telefonnummer, som vil blive anvendt til at udfylde indtastningsfelter ved bestilling af ordrer fremover.<\/p>\n\n\n\n<p>Generelt gemmer vi information om dig s\u00e5 l\u00e6nge, som vi har behov for informationen til de form\u00e5l, for hvilke vi indsamler og bruger informationerne, og vi er ikke juridisk forpligtet til at forts\u00e6tte med at gemme dem. Fx vil vi gemme ordreinformationer s\u00e5 l\u00e6nge det er kr\u00e6vet if\u00f8lge regnskabsloven i forhold til moms og regnskab. Dette inkluderer dit navn, e-mailadresse samt faktureringsadresse og leveringsadresse.<\/p>\n\n\n\n<p>Vi vil ogs\u00e5 gemme kommentarer og anmeldelser, hvis du \u00f8nsker at tilf\u00f8je dem.<\/p>\n\n\n\n<h2 class=\"wp-block-heading\">Hvem der har adgang<\/h2>\n\n\n\n<p>Bestyrelsen har adgang til informationen, som du giver os. Fx har administratorer s\u00e5vel som webshopledere adgang til:<\/p>\n\n\n\n<ul class=\"wp-block-list\">\n<li>Ordreinformation s\u00e5som hvad der blev k\u00f8bt, hvorn\u00e5r det blev k\u00f8bt og hvortil, det skulle sendes, og<\/li>\n\n\n\n<li>Kundeinformation s\u00e5som dit navn, e-mailadresse samt information om fakturering og forsendelse.<\/li>\n<\/ul>\n\n\n\n<p>Bestyrelsen har adgang til denne information for at kunne gennemf\u00f8re ordrer, h\u00e5ndtere refunderinger og supportere dig.<\/p>\n\n\n\n<h3 class=\"wp-block-heading\">Betalinger<\/h3>\n\n\n\n<p>Vi modtager betalinger via konto til konto overf\u00f8relser. Ved gennemf\u00f8relse af betalinger, vil nogle af dine data blive gemt, inklusiv information der er n\u00f8dvendig for at gennemf\u00f8re eller underst\u00f8tte betalingen, s\u00e5som det totale k\u00f8bsbel\u00f8b og faktureringsinformation.<\/p>\n\n\n\n<p><\/p>\n","protected":false},"excerpt":{"rendered":"<p>Vi indsamler information om dig gennem bestillingsprocessen p\u00e5 vores webshop. Informationer som vi samler og gemmer N\u00e5r du bes\u00f8ger vores webshop, vil vi spore: Vi bruger ogs\u00e5 cookies til at holde styr p\u00e5 indholdet i kurven, mens du bruger vores webshop. N\u00e5r du k\u00f8ber varer af os, vil vi bede dig om at give os &hellip; <a href=\"https:\/\/parkering.soholtparken.dk\/index.php\/privacy-policy\/\" class=\"more-link\">L\u00e6s videre<span class=\"screen-reader-text\"> &#8220;Privatlivspolitik&#8221;<\/span><\/a><\/p>\n","protected":false},"author":1,"featured_media":0,"parent":0,"menu_order":0,"comment_status":"closed","ping_status":"closed","template":"","meta":{"footnotes":""},"class_list":["post-3","page","type-page","status-publish","hentry"],"_links":{"self":[{"href":"https:\/\/parkering.soholtparken.dk\/index.php\/wp-json\/wp\/v2\/pages\/3","targetHints":{"allow":["GET"]}}],"collection":[{"href":"https:\/\/parkering.soholtparken.dk\/index.php\/wp-json\/wp\/v2\/pages"}],"about":[{"href":"https:\/\/parkering.soholtparken.dk\/index.php\/wp-json\/wp\/v2\/types\/page"}],"author":[{"embeddable":true,"href":"https:\/\/parkering.soholtparken.dk\/index.php\/wp-json\/wp\/v2\/users\/1"}],"replies":[{"embeddable":true,"href":"https:\/\/parkering.soholtparken.dk\/index.php\/wp-json\/wp\/v2\/comments?post=3"}],"version-history":[{"count":3,"href":"https:\/\/parkering.soholtparken.dk\/index.php\/wp-json\/wp\/v2\/pages\/3\/revisions"}],"predecessor-version":[{"id":53,"href":"https:\/\/parkering.soholtparken.dk\/index.php\/wp-json\/wp\/v2\/pages\/3\/revisions\/53"}],"wp:attachment":[{"href":"https:\/\/parkering.soholtparken.dk\/index.php\/wp-json\/wp\/v2\/media?parent=3"}],"curies":[{"name":"wp","href":"https:\/\/api.w.org\/{rel}","templated":true}]}}