{"id":583,"date":"2026-01-19T14:41:13","date_gmt":"2026-01-19T13:41:13","guid":{"rendered":"https:\/\/parkering.soholtparken.dk\/?post_type=product&#038;p=583"},"modified":"2026-01-19T16:31:45","modified_gmt":"2026-01-19T15:31:45","slug":"duplo-beboer-licens","status":"publish","type":"product","link":"https:\/\/parkering.soholtparken.dk\/index.php\/vare\/duplo-beboer-licens\/","title":{"rendered":"DUPLO beboer-licens"},"content":{"rendered":"<p>DUPLO beboer-licens er en licens, der kan g\u00f8re logistikken lidt enklere for beboere med 2 biler, ikke mindst n\u00e5r der skiftevis skal oplades el-biler i carporten.<\/p>\n<p>DUPLO har tryk p\u00e5 begge sider, som g\u00f8r at den kun kan anvendes i en bil ad gangen og derfor p\u00e5 den m\u00e5de sikrer, at den ene bil altid parkeres p\u00e5 egen matrikel. Det er beboerens ansvar, at vende kortet med den rigtige side udad.<\/p>\n<p><span dir=\"ltr\" role=\"presentation\">Grundejere i S\u00f8holtparken, der \u00f8nsker en permanent parkeringslicens til at parkere p\u00e5 de f\u00e6lles <\/span><span dir=\"ltr\" role=\"presentation\">parkeringsarealer, skal fremvise k\u00f8rekort, sygesikringsbevis samt gyldig registreringsattest eller gyldigt <\/span><span dir=\"ltr\" role=\"presentation\">brugsretsbevis for det k\u00f8ret\u00f8j der \u00f8nskes Beboer licens til, idet k\u00f8ret\u00f8jet skal v\u00e6re registreret til en person med <\/span><span dir=\"ltr\" role=\"presentation\">adresse i S\u00f8holtparken.<\/span><\/p>\n<p><strong>Bem\u00e6rk at Beboer- og Weekend licenser fornyes automatisk medmindre de er blevet opsagt 14 dage inden \u00e5rets udl\u00f8b. Der skal ikke fremsendes dokumentation ved fornyelse.<\/strong><\/p>\n<p>Dokumentation skal kun bruges ved f\u00f8rstegangs oprettelser af Beboerlicenser og ved efterf\u00f8lgende udskiftninger af k\u00f8ret\u00f8jet.<\/p>\n<p>Vedh\u00e6ft venligst kopi af dokumentationen til <a href=\"mailto:parkering@soholtparken.dk\">parkering@soholtparken.dk<\/a><\/p>\n<p>N\u00e5r dokumentationen er registreret i vores database vil mail med vedh\u00e6ftet dokumentation bliver destrueret.<\/p>\n<p>Der kan kun bestilles 1 DUPLO beboer licens pr. husstand.<\/p>\n","protected":false},"excerpt":{"rendered":"<p>DUPLO beboer-licens er en licens, der kan g\u00f8re logistikken lidt enklere for beboere med 2 biler, ikke mindst n\u00e5r der skiftevis skal oplades el-biler i carporten. DUPLO har tryk p\u00e5 begge sider, som g\u00f8r at den kun kan anvendes i en bil ad gangen og derfor p\u00e5 den m\u00e5de sikrer, at den ene bil altid &hellip; <a href=\"https:\/\/parkering.soholtparken.dk\/index.php\/vare\/duplo-beboer-licens\/\" class=\"more-link\">L\u00e6s videre<span class=\"screen-reader-text\"> &#8220;DUPLO beboer-licens&#8221;<\/span><\/a><\/p>\n","protected":false},"featured_media":584,"template":"","meta":[],"product_brand":[],"product_cat":[15],"product_tag":[],"class_list":{"0":"post-583","1":"product","2":"type-product","3":"status-publish","4":"has-post-thumbnail","6":"product_cat-ukategoriseret","8":"first","9":"instock","10":"virtual","11":"sold-individually","12":"purchasable","13":"product-type-simple"},"_links":{"self":[{"href":"https:\/\/parkering.soholtparken.dk\/index.php\/wp-json\/wp\/v2\/product\/583","targetHints":{"allow":["GET"]}}],"collection":[{"href":"https:\/\/parkering.soholtparken.dk\/index.php\/wp-json\/wp\/v2\/product"}],"about":[{"href":"https:\/\/parkering.soholtparken.dk\/index.php\/wp-json\/wp\/v2\/types\/product"}],"wp:featuredmedia":[{"embeddable":true,"href":"https:\/\/parkering.soholtparken.dk\/index.php\/wp-json\/wp\/v2\/media\/584"}],"wp:attachment":[{"href":"https:\/\/parkering.soholtparken.dk\/index.php\/wp-json\/wp\/v2\/media?parent=583"}],"wp:term":[{"taxonomy":"product_brand","embeddable":true,"href":"https:\/\/parkering.soholtparken.dk\/index.php\/wp-json\/wp\/v2\/product_brand?post=583"},{"taxonomy":"product_cat","embeddable":true,"href":"https:\/\/parkering.soholtparken.dk\/index.php\/wp-json\/wp\/v2\/product_cat?post=583"},{"taxonomy":"product_tag","embeddable":true,"href":"https:\/\/parkering.soholtparken.dk\/index.php\/wp-json\/wp\/v2\/product_tag?post=583"}],"curies":[{"name":"wp","href":"https:\/\/api.w.org\/{rel}","templated":true}]}}